{"id":9,"date":"2026-02-17T19:50:20","date_gmt":"2026-02-17T19:50:20","guid":{"rendered":"https:\/\/clairlite-uv.fr\/?page_id=9"},"modified":"2026-02-18T02:08:42","modified_gmt":"2026-02-18T02:08:42","slug":"oikeudelliset-tiedot","status":"publish","type":"page","link":"https:\/\/clairlite-uv.fr\/fi\/oikeudelliset-tiedot\/","title":{"rendered":"Oikeudelliset tiedot"},"content":{"rendered":"<div data-elementor-type=\"wp-page\" data-elementor-id=\"9\" class=\"elementor elementor-9\" data-elementor-post-type=\"page\">\n\t\t\t\t<div class=\"elementor-element elementor-element-2bcc7370 e-flex e-con-boxed e-con e-parent\" data-id=\"2bcc7370\" data-element_type=\"container\" data-e-type=\"container\">\n\t\t\t\t\t<div class=\"e-con-inner\">\n\t\t\t\t<div class=\"elementor-element elementor-element-a25db7a elementor-widget elementor-widget-heading\" data-id=\"a25db7a\" data-element_type=\"widget\" data-e-type=\"widget\" data-widget_type=\"heading.default\">\n\t\t\t\t\t<h1 class=\"elementor-heading-title elementor-size-default\">Oikeudelliset tiedot<\/h1>\t\t\t\t<\/div>\n\t\t\t\t<div class=\"elementor-element elementor-element-2c2f9f7 elementor-widget elementor-widget-text-editor\" data-id=\"2c2f9f7\" data-element_type=\"widget\" data-e-type=\"widget\" data-widget_type=\"text-editor.default\">\n\t\t\t\t\t\t\t\t\t\n<p><strong>Tunnistaminen<\/strong><br \/>Verkkosivuston nimi: Clairlite-uv<br \/>Sivuston URL-osoite: https:\/\/clairlite-uv.fr\/<br \/>Omistaja ja julkaisun vastuuhenkil\u00f6: Clairlite-uv<br \/>Majoitus: Hostinger, \u0160vitrigailos g. 32, 03111 Vilnius, Liettua<\/p>\n\n<p><strong>K\u00e4ytt\u00f6ehdot ja -ehdot<\/strong><br \/>Clairlite-uv.fr-sivuston k\u00e4ytt\u00e4minen edellytt\u00e4\u00e4 Yleiset k\u00e4ytt\u00f6ehdot -sivulla kuvattujen k\u00e4ytt\u00f6ehtojen noudattamista, joiden kanssa n\u00e4m\u00e4 oikeudelliset huomautukset ovat johdonmukaisia eiv\u00e4tk\u00e4 ole tarpeettomia.<\/p>\n\n<p><strong>Affiliate-linkit<\/strong><\/p>\n\n<p>T\u00e4m\u00e4 sivusto voi sis\u00e4lt\u00e4\u00e4 affiliate-linkkej\u00e4 kaupallisiin kumppaneihin. T\u00e4m\u00e4 tarkoittaa, ett\u00e4 saatamme saada palkkion, jos teet ostoksen n\u00e4iden linkkien kautta, ilman lis\u00e4kustannuksia sinulle.<\/p>\n\n<p><strong>Immateriaalioikeudet<\/strong><br \/>Kaikki Clairlite-uv.fr-sivustolla julkaistu sis\u00e4lt\u00f6, mukaan lukien teksti, kuvat, grafiikka ja logot, on suojattu tekij\u00e4noikeudella. Luvaton k\u00e4ytt\u00f6 voi johtaa oikeudellisiin toimiin.<\/p>\n\n<p><strong>Vastuun rajoittaminen<\/strong><br \/>Clairlite-uv pyrkii pit\u00e4m\u00e4\u00e4n sivustolla olevat tiedot ajan tasalla, mutta ep\u00e4tarkkuuksia tai puutteita saattaa esiinty\u00e4.<\/p>\n\n<h4 class=\"wp-block-heading\"><strong>Tietosuojak\u00e4yt\u00e4nt\u00f6<\/strong><\/h4>\n\n<p><strong>Henkil\u00f6tietojen ker\u00e4\u00e4minen ja k\u00e4ytt\u00f6<\/strong><br \/>Clairlite-uv.fr-sivustolla ker\u00e4tyt henkil\u00f6tiedot on tarkoitettu yksinomaan Clairlite-uv:n sis\u00e4iseen k\u00e4ytt\u00f6\u00f6n. Tietoja ei luovuteta kolmansille osapuolille tietojen j\u00e4lleenmyyntikiellon periaatteen mukaisesti.<\/p>\n\n<p><strong>K\u00e4ytt\u00e4j\u00e4n oikeudet<\/strong><br \/>S\u00e4\u00e4d\u00f6sten mukaisesti sinulla on oikeus tutustua itse\u00e4si koskeviin tietoihin, oikaista niit\u00e4 ja poistaa ne. N\u00e4it\u00e4 oikeuksia voi k\u00e4ytt\u00e4\u00e4 ottamalla yhteytt\u00e4 Clairlite-uv:iin edell\u00e4 mainittuun s\u00e4hk\u00f6postiosoitteeseen.<\/p>\n\n<p><strong>Ev\u00e4steet<\/strong><br \/>Ev\u00e4steisiin liittyv\u00e4 politiikka on esitetty yksityiskohtaisesti Clairlite-uv.fr:n yleisiss\u00e4 k\u00e4ytt\u00f6ehdoissa (GCU). K\u00e4yt\u00e4mme ev\u00e4steit\u00e4 parantaaksemme k\u00e4ytt\u00f6kokemustasi myym\u00e4tt\u00e4 tietoja.<\/p>\n\n<p><strong>Hyperlinkit ja sovellettava lains\u00e4\u00e4d\u00e4nt\u00f6<\/strong><br \/>Clairlite-uv ei ole vastuussa muiden sivustoonsa linkitettyjen sivustojen sis\u00e4ll\u00f6st\u00e4.<\/p>\n\n<p><strong>Ota yhteytt\u00e4<\/strong><br \/>Jos sinulla on kysytt\u00e4v\u00e4\u00e4 n\u00e4ist\u00e4 ilmoituksista tai tietosuojak\u00e4yt\u00e4nn\u00f6st\u00e4 tai jos haluat k\u00e4ytt\u00e4\u00e4 henkil\u00f6tietojasi koskevia oikeuksiasi, ota yhteytt\u00e4 Clairlite-uv:hen osoitteessa contact@Clairlite-uv.fr.<\/p>\n\n<p>\u00a0<\/p>\n\t\t\t\t\t\t\t\t<\/div>\n\t\t\t\t\t<\/div>\n\t\t\t\t<\/div>\n\t\t\t\t<\/div>","protected":false},"excerpt":{"rendered":"<p>Mentions L\u00e9gales IdentificationNom du site web : Clairlite-uvURL du site : https:\/\/clairlite-uv.fr\/Propri\u00e9taire et responsable de la publication : Clairlite-uvH\u00e9bergement : Hostinger, \u0160vitrigailos g. 32, 03111 Vilnius, Lituanie Conditions d\u2019utilisationLa consultation de Clairlite-uv.fr est soumise au respect des conditions d\u2019utilisation d\u00e9crites dans la page des Conditions G\u00e9n\u00e9rales d\u2019Utilisation (CGU), avec lesquelles ces mentions l\u00e9gales sont coh\u00e9rentes [&hellip;]<\/p>\n","protected":false},"author":1,"featured_media":0,"parent":0,"menu_order":0,"comment_status":"closed","ping_status":"closed","template":"","meta":{"footnotes":""},"class_list":["post-9","page","type-page","status-publish","hentry"],"_hostinger_reach_plugin_has_subscription_block":false,"_hostinger_reach_plugin_is_elementor":false,"_links":{"self":[{"href":"https:\/\/clairlite-uv.fr\/fi\/wp-json\/wp\/v2\/pages\/9","targetHints":{"allow":["GET"]}}],"collection":[{"href":"https:\/\/clairlite-uv.fr\/fi\/wp-json\/wp\/v2\/pages"}],"about":[{"href":"https:\/\/clairlite-uv.fr\/fi\/wp-json\/wp\/v2\/types\/page"}],"author":[{"embeddable":true,"href":"https:\/\/clairlite-uv.fr\/fi\/wp-json\/wp\/v2\/users\/1"}],"replies":[{"embeddable":true,"href":"https:\/\/clairlite-uv.fr\/fi\/wp-json\/wp\/v2\/comments?post=9"}],"version-history":[{"count":5,"href":"https:\/\/clairlite-uv.fr\/fi\/wp-json\/wp\/v2\/pages\/9\/revisions"}],"predecessor-version":[{"id":147,"href":"https:\/\/clairlite-uv.fr\/fi\/wp-json\/wp\/v2\/pages\/9\/revisions\/147"}],"wp:attachment":[{"href":"https:\/\/clairlite-uv.fr\/fi\/wp-json\/wp\/v2\/media?parent=9"}],"curies":[{"name":"wp","href":"https:\/\/api.w.org\/{rel}","templated":true}]}}