{"id":9,"date":"2026-02-17T19:50:20","date_gmt":"2026-02-17T19:50:20","guid":{"rendered":"https:\/\/clairlite-uv.fr\/?page_id=9"},"modified":"2026-02-18T02:08:42","modified_gmt":"2026-02-18T02:08:42","slug":"informacion-legal","status":"publish","type":"page","link":"https:\/\/clairlite-uv.fr\/es\/informacion-legal\/","title":{"rendered":"Informaci\u00f3n jur\u00eddica"},"content":{"rendered":"<div data-elementor-type=\"wp-page\" data-elementor-id=\"9\" class=\"elementor elementor-9\" data-elementor-post-type=\"page\">\n\t\t\t\t<div class=\"elementor-element elementor-element-2bcc7370 e-flex e-con-boxed e-con e-parent\" data-id=\"2bcc7370\" data-element_type=\"container\" data-e-type=\"container\">\n\t\t\t\t\t<div class=\"e-con-inner\">\n\t\t\t\t<div class=\"elementor-element elementor-element-a25db7a elementor-widget elementor-widget-heading\" data-id=\"a25db7a\" data-element_type=\"widget\" data-e-type=\"widget\" data-widget_type=\"heading.default\">\n\t\t\t\t\t<h1 class=\"elementor-heading-title elementor-size-default\">Informaci\u00f3n jur\u00eddica<\/h1>\t\t\t\t<\/div>\n\t\t\t\t<div class=\"elementor-element elementor-element-2c2f9f7 elementor-widget elementor-widget-text-editor\" data-id=\"2c2f9f7\" data-element_type=\"widget\" data-e-type=\"widget\" data-widget_type=\"text-editor.default\">\n\t\t\t\t\t\t\t\t\t\n<p><strong>Identificaci\u00f3n<\/strong><br \/>Nombre web: Clairlite-uv<br \/>URL del sitio: https:\/\/clairlite-uv.fr\/<br \/>Propietario y director de la publicaci\u00f3n: Clairlite-uv<br \/>Alojamiento: Hostinger, \u0160vitrigailos g. 32, 03111 Vilnius, Lituania<\/p>\n\n<p><strong>Condiciones de uso<\/strong><br \/>La consulta de Clairlite-uv.fr est\u00e1 sujeta al cumplimiento de las condiciones de uso descritas en la p\u00e1gina Condiciones Generales de Uso (CGU), con las que estas notas legales son coherentes y no presentan ninguna redundancia.<\/p>\n\n<p><strong>Enlaces afiliados<\/strong><\/p>\n\n<p>Este sitio puede contener enlaces de afiliaci\u00f3n a socios comerciales. Esto significa que podemos recibir una comisi\u00f3n si realiza una compra a trav\u00e9s de estos enlaces, sin coste adicional para usted.<\/p>\n\n<p><strong>Propiedad intelectual<\/strong><br \/>Todos los contenidos publicados en Clairlite-uv.fr, incluidos textos, im\u00e1genes, gr\u00e1ficos y logotipos, est\u00e1n protegidos por derechos de autor. Cualquier uso no autorizado puede dar lugar a acciones legales.<\/p>\n\n<p><strong>Limitaci\u00f3n de responsabilidad<\/strong><br \/>Clairlite-uvours efforts to keep the information on the site up to date, but inaccuracies or omissions may occur.<\/p>\n\n<h4 class=\"wp-block-heading\"><strong>Pol\u00edtica de privacidad<\/strong><\/h4>\n\n<p><strong>Recogida y uso de datos personales<\/strong><br \/>Los datos personales recogidos en Clairlite-uv.fr est\u00e1n destinados exclusivamente al uso interno de Clairlite-uv. De acuerdo con la pol\u00edtica de no reventa de informaci\u00f3n, estos datos no se transmiten a terceros.<\/p>\n\n<p><strong>Derechos de los usuarios<\/strong><br \/>De conformidad con la normativa, usted tiene derecho a acceder, rectificar y suprimir los datos que le conciernen. Estos derechos pueden ejercerse poni\u00e9ndose en contacto con Clairlite-uv en la direcci\u00f3n de correo electr\u00f3nico indicada anteriormente.<\/p>\n\n<p><strong>Cookies<\/strong><br \/>La pol\u00edtica relativa a las cookies se detalla en las Condiciones Generales de Uso (CGU) de Clairlite-uv.fr. Utilizamos cookies para mejorar su experiencia de usuario sin vender informaci\u00f3n.<\/p>\n\n<p><strong>Enlaces de hipertexto y legislaci\u00f3n aplicable<\/strong><br \/>Clairlite-uv no es responsable del contenido de otros sitios web vinculados a su sitio web.<\/p>\n\n<p><strong>P\u00f3ngase en contacto con<\/strong><br \/>Si tiene alguna pregunta sobre estos avisos o la pol\u00edtica de privacidad, o para ejercer sus derechos en relaci\u00f3n con sus datos personales, p\u00f3ngase en contacto con Clairlite-uv en contact@Clairlite-uv.fr.<\/p>\n\n<p>\u00a0<\/p>\n\t\t\t\t\t\t\t\t<\/div>\n\t\t\t\t\t<\/div>\n\t\t\t\t<\/div>\n\t\t\t\t<\/div>","protected":false},"excerpt":{"rendered":"<p>Mentions L\u00e9gales IdentificationNom du site web : Clairlite-uvURL du site : https:\/\/clairlite-uv.fr\/Propri\u00e9taire et responsable de la publication : Clairlite-uvH\u00e9bergement : Hostinger, \u0160vitrigailos g. 32, 03111 Vilnius, Lituanie Conditions d\u2019utilisationLa consultation de Clairlite-uv.fr est soumise au respect des conditions d\u2019utilisation d\u00e9crites dans la page des Conditions G\u00e9n\u00e9rales d\u2019Utilisation (CGU), avec lesquelles ces mentions l\u00e9gales sont coh\u00e9rentes [&hellip;]<\/p>\n","protected":false},"author":1,"featured_media":0,"parent":0,"menu_order":0,"comment_status":"closed","ping_status":"closed","template":"","meta":{"footnotes":""},"class_list":["post-9","page","type-page","status-publish","hentry"],"_hostinger_reach_plugin_has_subscription_block":false,"_hostinger_reach_plugin_is_elementor":false,"_links":{"self":[{"href":"https:\/\/clairlite-uv.fr\/es\/wp-json\/wp\/v2\/pages\/9","targetHints":{"allow":["GET"]}}],"collection":[{"href":"https:\/\/clairlite-uv.fr\/es\/wp-json\/wp\/v2\/pages"}],"about":[{"href":"https:\/\/clairlite-uv.fr\/es\/wp-json\/wp\/v2\/types\/page"}],"author":[{"embeddable":true,"href":"https:\/\/clairlite-uv.fr\/es\/wp-json\/wp\/v2\/users\/1"}],"replies":[{"embeddable":true,"href":"https:\/\/clairlite-uv.fr\/es\/wp-json\/wp\/v2\/comments?post=9"}],"version-history":[{"count":5,"href":"https:\/\/clairlite-uv.fr\/es\/wp-json\/wp\/v2\/pages\/9\/revisions"}],"predecessor-version":[{"id":147,"href":"https:\/\/clairlite-uv.fr\/es\/wp-json\/wp\/v2\/pages\/9\/revisions\/147"}],"wp:attachment":[{"href":"https:\/\/clairlite-uv.fr\/es\/wp-json\/wp\/v2\/media?parent=9"}],"curies":[{"name":"wp","href":"https:\/\/api.w.org\/{rel}","templated":true}]}}