{"id":9,"date":"2026-02-17T19:50:20","date_gmt":"2026-02-17T19:50:20","guid":{"rendered":"https:\/\/clairlite-uv.fr\/?page_id=9"},"modified":"2026-02-18T02:08:42","modified_gmt":"2026-02-18T02:08:42","slug":"legal-notice","status":"publish","type":"page","link":"https:\/\/clairlite-uv.fr\/en\/legal-notice\/","title":{"rendered":"Terms of use"},"content":{"rendered":"<div data-elementor-type=\"wp-page\" data-elementor-id=\"9\" class=\"elementor elementor-9\" data-elementor-post-type=\"page\">\n\t\t\t\t<div class=\"elementor-element elementor-element-2bcc7370 e-flex e-con-boxed e-con e-parent\" data-id=\"2bcc7370\" data-element_type=\"container\" data-e-type=\"container\">\n\t\t\t\t\t<div class=\"e-con-inner\">\n\t\t\t\t<div class=\"elementor-element elementor-element-a25db7a elementor-widget elementor-widget-heading\" data-id=\"a25db7a\" data-element_type=\"widget\" data-e-type=\"widget\" data-widget_type=\"heading.default\">\n\t\t\t\t\t<h1 class=\"elementor-heading-title elementor-size-default\">Terms of use<\/h1>\t\t\t\t<\/div>\n\t\t\t\t<div class=\"elementor-element elementor-element-2c2f9f7 elementor-widget elementor-widget-text-editor\" data-id=\"2c2f9f7\" data-element_type=\"widget\" data-e-type=\"widget\" data-widget_type=\"text-editor.default\">\n\t\t\t\t\t\t\t\t\t\n<p><strong>Identification<\/strong><br \/>Website name: Clairlite-uv<br \/>Site URL: https:\/\/clairlite-uv.fr\/<br \/>Owner and publication manager: Clairlite-uv<br \/>Accommodation : Hostinger, \u0160vitrigailos g. 32, 03111 Vilnius, Lithuania<\/p>\n\n<p><strong>Terms of use<\/strong><br \/>Consultation of Clairlite-uv.fr is subject to compliance with the conditions of use described in the General Conditions of Use (GCU) page, with which these legal notices are consistent and do not present any redundancy.<\/p>\n\n<p><strong>Affiliate links<\/strong><\/p>\n\n<p>This site may contain affiliate links to commercial partners. This means that we may earn a commission if you make a purchase via these links, at no extra cost to you.<\/p>\n\n<p><strong>Intellectual property<\/strong><br \/>All content published on Clairlite-uv.fr, including text, images, graphics, and logo, is protected by copyright. Any unauthorized use may result in legal action.<\/p>\n\n<p><strong>Limitation of liability<\/strong><br \/>Clairlite-uv makes every effort to keep the information on the site up to date, however, inaccuracies or omissions may occur.<\/p>\n\n<h4 class=\"wp-block-heading\"><strong>Privacy Policy<\/strong><\/h4>\n\n<p><strong>Collection and use of personal data<\/strong><br \/>Personal data collected on Clairlite-uv.fr are exclusively intended for internal use by Clairlite-uv. In accordance with our policy of non-re-sale of information, this data is not passed on to third parties.<\/p>\n\n<p><strong>User rights<\/strong><br \/>In accordance with regulations, you have the right to access, rectify and delete data concerning you. These rights may be exercised by contacting Clairlite-uv at the above-mentioned e-mail address.<\/p>\n\n<p><strong>Cookies<\/strong><br \/>The policy relating to cookies is detailed in the General Terms of Use (GTU) of Clairlite-uv.fr. We use cookies to improve your user experience without selling any information.<\/p>\n\n<p><strong>Hyperlinks and applicable law<\/strong><br \/>Clairlite-uv is not responsible for the content of other websites linked to this site.<\/p>\n\n<p><strong>Contact<\/strong><br \/>If you have any questions about these notices or the privacy policy, or to exercise your rights with respect to your personal data, please contact Clairlite-uv at contact@Clairlite-uv.fr.<\/p>\n\n<p>\u00a0<\/p>\n\t\t\t\t\t\t\t\t<\/div>\n\t\t\t\t\t<\/div>\n\t\t\t\t<\/div>\n\t\t\t\t<\/div>","protected":false},"excerpt":{"rendered":"<p>Mentions L\u00e9gales IdentificationNom du site web : Clairlite-uvURL du site : https:\/\/clairlite-uv.fr\/Propri\u00e9taire et responsable de la publication : Clairlite-uvH\u00e9bergement : Hostinger, \u0160vitrigailos g. 32, 03111 Vilnius, Lituanie Conditions d\u2019utilisationLa consultation de Clairlite-uv.fr est soumise au respect des conditions d\u2019utilisation d\u00e9crites dans la page des Conditions G\u00e9n\u00e9rales d\u2019Utilisation (CGU), avec lesquelles ces mentions l\u00e9gales sont coh\u00e9rentes [&hellip;]<\/p>\n","protected":false},"author":1,"featured_media":0,"parent":0,"menu_order":0,"comment_status":"closed","ping_status":"closed","template":"","meta":{"footnotes":""},"class_list":["post-9","page","type-page","status-publish","hentry"],"_hostinger_reach_plugin_has_subscription_block":false,"_hostinger_reach_plugin_is_elementor":false,"_links":{"self":[{"href":"https:\/\/clairlite-uv.fr\/en\/wp-json\/wp\/v2\/pages\/9","targetHints":{"allow":["GET"]}}],"collection":[{"href":"https:\/\/clairlite-uv.fr\/en\/wp-json\/wp\/v2\/pages"}],"about":[{"href":"https:\/\/clairlite-uv.fr\/en\/wp-json\/wp\/v2\/types\/page"}],"author":[{"embeddable":true,"href":"https:\/\/clairlite-uv.fr\/en\/wp-json\/wp\/v2\/users\/1"}],"replies":[{"embeddable":true,"href":"https:\/\/clairlite-uv.fr\/en\/wp-json\/wp\/v2\/comments?post=9"}],"version-history":[{"count":5,"href":"https:\/\/clairlite-uv.fr\/en\/wp-json\/wp\/v2\/pages\/9\/revisions"}],"predecessor-version":[{"id":147,"href":"https:\/\/clairlite-uv.fr\/en\/wp-json\/wp\/v2\/pages\/9\/revisions\/147"}],"wp:attachment":[{"href":"https:\/\/clairlite-uv.fr\/en\/wp-json\/wp\/v2\/media?parent=9"}],"curies":[{"name":"wp","href":"https:\/\/api.w.org\/{rel}","templated":true}]}}