{"id":9,"date":"2026-02-17T19:50:20","date_gmt":"2026-02-17T19:50:20","guid":{"rendered":"https:\/\/clairlite-uv.fr\/?page_id=9"},"modified":"2026-02-18T02:08:42","modified_gmt":"2026-02-18T02:08:42","slug":"rechtliche-hinweise","status":"publish","type":"page","link":"https:\/\/clairlite-uv.fr\/de\/rechtliche-hinweise\/","title":{"rendered":"Rechtliche Hinweise"},"content":{"rendered":"<div data-elementor-type=\"wp-page\" data-elementor-id=\"9\" class=\"elementor elementor-9\" data-elementor-post-type=\"page\">\n\t\t\t\t<div class=\"elementor-element elementor-element-2bcc7370 e-flex e-con-boxed e-con e-parent\" data-id=\"2bcc7370\" data-element_type=\"container\" data-e-type=\"container\">\n\t\t\t\t\t<div class=\"e-con-inner\">\n\t\t\t\t<div class=\"elementor-element elementor-element-a25db7a elementor-widget elementor-widget-heading\" data-id=\"a25db7a\" data-element_type=\"widget\" data-e-type=\"widget\" data-widget_type=\"heading.default\">\n\t\t\t\t\t<h1 class=\"elementor-heading-title elementor-size-default\">Rechtliche Hinweise<\/h1>\t\t\t\t<\/div>\n\t\t\t\t<div class=\"elementor-element elementor-element-2c2f9f7 elementor-widget elementor-widget-text-editor\" data-id=\"2c2f9f7\" data-element_type=\"widget\" data-e-type=\"widget\" data-widget_type=\"text-editor.default\">\n\t\t\t\t\t\t\t\t\t\n<p><strong>Identifikation<\/strong><br \/>Name der Website: Clairlite-uv<br \/>URL der Website: https:\/\/clairlite-uv.fr\/<br \/>Eigent\u00fcmer und Verantwortlicher f\u00fcr die Ver\u00f6ffentlichung: Clairlite-uv<br \/>Unterkunft: Hostinger, \u0160vitrigailos g. 32, 03111 Vilnius, Litauen<\/p>\n\n<p><strong>Bedingungen f\u00fcr die Nutzung<\/strong><br \/>Die Konsultation von Clairlite-uv.de unterliegt der Einhaltung der auf der Seite mit den Allgemeinen Nutzungsbedingungen (AGB) beschriebenen Nutzungsbedingungen, mit denen diese rechtlichen Hinweise \u00fcbereinstimmen und keine Redundanzen aufweisen.<\/p>\n\n<p><strong>Affiliate-Links<\/strong><\/p>\n\n<p>Diese Website kann Affiliate-Links zu Gesch\u00e4ftspartnern enthalten. Das bedeutet, dass wir eine Provision erhalten k\u00f6nnen, wenn Sie \u00fcber diese Links einen Kauf t\u00e4tigen, ohne dass Ihnen dadurch zus\u00e4tzliche Kosten entstehen.<\/p>\n\n<p><strong>Geistiges Eigentum<\/strong><br \/>Alle auf Clairlite-uv.de ver\u00f6ffentlichten Inhalte, einschlie\u00dflich Texte, Bilder, Grafiken und Logos, sind urheberrechtlich gesch\u00fctzt. Jede unerlaubte Nutzung kann strafrechtlich verfolgt werden.<\/p>\n\n<p><strong>Beschr\u00e4nkung der Haftung<\/strong><br \/>Clairlite-uv bem\u00fcht sich, die Informationen auf der Website auf dem neuesten Stand zu halten, dennoch kann es zu Ungenauigkeiten oder Auslassungen kommen.<\/p>\n\n<h4 class=\"wp-block-heading\"><strong>Datenschutzrichtlinie<\/strong><\/h4>\n\n<p><strong>Erhebung und Verwendung pers\u00f6nlicher Daten<\/strong><br \/>Die auf Clairlite-uv.de erhobenen personenbezogenen Daten sind ausschlie\u00dflich f\u00fcr den internen Gebrauch von Clairlite-uv bestimmt. In \u00dcbereinstimmung mit der Politik der Nichtweitergabe von Informationen werden diese Daten nicht an Dritte weitergegeben.<\/p>\n\n<p><strong>Rechte der Nutzer<\/strong><br \/>Gem\u00e4\u00df den gesetzlichen Bestimmungen haben Sie das Recht, auf die Sie betreffenden Daten zuzugreifen, sie zu berichtigen und zu l\u00f6schen. Diese Rechte k\u00f6nnen Sie aus\u00fcben, indem Sie Clairlite-uv unter der oben genannten E-Mail-Adresse kontaktieren.<\/p>\n\n<p><strong>Cookies<\/strong><br \/>Die Cookie-Richtlinie wird in den Allgemeinen Gesch\u00e4ftsbedingungen (AGB) von Clairlite-uv.de ausf\u00fchrlich erl\u00e4utert. Wir verwenden Cookies, um Ihre Nutzererfahrung zu verbessern, ohne Informationen weiterzuverkaufen.<\/p>\n\n<p><strong>Hyperlinks und anwendbares Recht<\/strong><br \/>Hyperlinks zu anderen Seiten bedeuten nicht, dass Clairlite-uv f\u00fcr den Inhalt dieser Seiten verantwortlich ist.<\/p>\n\n<p><strong>Kontakt<\/strong><br \/>Wenn Sie Fragen zu diesen Hinweisen oder der Datenschutzrichtlinie haben oder Ihre Rechte in Bezug auf Ihre pers\u00f6nlichen Daten aus\u00fcben m\u00f6chten, wenden Sie sich bitte an Clairlite-uv \u00fcber contact@Clairlite-uv.fr<\/p>\n\n<p>\u00a0<\/p>\n\t\t\t\t\t\t\t\t<\/div>\n\t\t\t\t\t<\/div>\n\t\t\t\t<\/div>\n\t\t\t\t<\/div>","protected":false},"excerpt":{"rendered":"<p>Mentions L\u00e9gales IdentificationNom du site web : Clairlite-uvURL du site : https:\/\/clairlite-uv.fr\/Propri\u00e9taire et responsable de la publication : Clairlite-uvH\u00e9bergement : Hostinger, \u0160vitrigailos g. 32, 03111 Vilnius, Lituanie Conditions d\u2019utilisationLa consultation de Clairlite-uv.fr est soumise au respect des conditions d\u2019utilisation d\u00e9crites dans la page des Conditions G\u00e9n\u00e9rales d\u2019Utilisation (CGU), avec lesquelles ces mentions l\u00e9gales sont coh\u00e9rentes [&hellip;]<\/p>\n","protected":false},"author":1,"featured_media":0,"parent":0,"menu_order":0,"comment_status":"closed","ping_status":"closed","template":"","meta":{"footnotes":""},"class_list":["post-9","page","type-page","status-publish","hentry"],"_hostinger_reach_plugin_has_subscription_block":false,"_hostinger_reach_plugin_is_elementor":false,"_links":{"self":[{"href":"https:\/\/clairlite-uv.fr\/de\/wp-json\/wp\/v2\/pages\/9","targetHints":{"allow":["GET"]}}],"collection":[{"href":"https:\/\/clairlite-uv.fr\/de\/wp-json\/wp\/v2\/pages"}],"about":[{"href":"https:\/\/clairlite-uv.fr\/de\/wp-json\/wp\/v2\/types\/page"}],"author":[{"embeddable":true,"href":"https:\/\/clairlite-uv.fr\/de\/wp-json\/wp\/v2\/users\/1"}],"replies":[{"embeddable":true,"href":"https:\/\/clairlite-uv.fr\/de\/wp-json\/wp\/v2\/comments?post=9"}],"version-history":[{"count":5,"href":"https:\/\/clairlite-uv.fr\/de\/wp-json\/wp\/v2\/pages\/9\/revisions"}],"predecessor-version":[{"id":147,"href":"https:\/\/clairlite-uv.fr\/de\/wp-json\/wp\/v2\/pages\/9\/revisions\/147"}],"wp:attachment":[{"href":"https:\/\/clairlite-uv.fr\/de\/wp-json\/wp\/v2\/media?parent=9"}],"curies":[{"name":"wp","href":"https:\/\/api.w.org\/{rel}","templated":true}]}}