{"id":9,"date":"2026-02-17T19:50:20","date_gmt":"2026-02-17T19:50:20","guid":{"rendered":"https:\/\/clairlite-uv.fr\/?page_id=9"},"modified":"2026-02-18T02:08:42","modified_gmt":"2026-02-18T02:08:42","slug":"juridiske-oplysninger","status":"publish","type":"page","link":"https:\/\/clairlite-uv.fr\/da\/juridiske-oplysninger\/","title":{"rendered":"Juridisk information"},"content":{"rendered":"<div data-elementor-type=\"wp-page\" data-elementor-id=\"9\" class=\"elementor elementor-9\" data-elementor-post-type=\"page\">\n\t\t\t\t<div class=\"elementor-element elementor-element-2bcc7370 e-flex e-con-boxed e-con e-parent\" data-id=\"2bcc7370\" data-element_type=\"container\" data-e-type=\"container\">\n\t\t\t\t\t<div class=\"e-con-inner\">\n\t\t\t\t<div class=\"elementor-element elementor-element-a25db7a elementor-widget elementor-widget-heading\" data-id=\"a25db7a\" data-element_type=\"widget\" data-e-type=\"widget\" data-widget_type=\"heading.default\">\n\t\t\t\t\t<h1 class=\"elementor-heading-title elementor-size-default\">Juridisk information<\/h1>\t\t\t\t<\/div>\n\t\t\t\t<div class=\"elementor-element elementor-element-2c2f9f7 elementor-widget elementor-widget-text-editor\" data-id=\"2c2f9f7\" data-element_type=\"widget\" data-e-type=\"widget\" data-widget_type=\"text-editor.default\">\n\t\t\t\t\t\t\t\t\t\n<p><strong>Identifikation<\/strong><br \/>Hjemmesidens navn: Clairlite-uv<br \/>Webstedets URL: https:\/\/clairlite-uv.fr\/<br \/>Ejer og publikationsansvarlig: Clairlite-uv<br \/>Overnatning: Hostinger, \u0160vitrigailos g. 32, 03111 Vilnius, Litauen<\/p>\n\n<p><strong>Vilk\u00e5r og betingelser for brug<\/strong><br \/>Konsultation af Clairlite-uv.fr er underlagt overholdelse af brugsbetingelserne beskrevet p\u00e5 siden Generelle brugsbetingelser (GCU), som disse juridiske meddelelser er i overensstemmelse med og ikke udg\u00f8r nogen redundans.<\/p>\n\n<p><strong>Affilierede links<\/strong><\/p>\n\n<p>Dette websted kan indeholde affiliate-links til kommercielle partnere. Det betyder, at vi kan modtage en provision, hvis du foretager et k\u00f8b via disse links, uden ekstra omkostninger for dig.<\/p>\n\n<p><strong>Intellektuel ejendomsret<\/strong><br \/>Alt indhold, der offentligg\u00f8res p\u00e5 Clairlite-uv.fr, herunder tekst, billeder, grafik og logoer, er beskyttet af ophavsret. Enhver uautoriseret brug kan medf\u00f8re retsforf\u00f8lgelse.<\/p>\n\n<p><strong>Begr\u00e6nsning af ansvar<\/strong><br \/>Clairlite-uv bestr\u00e6ber sig p\u00e5 at holde oplysningerne p\u00e5 webstedet opdaterede, men der kan forekomme un\u00f8jagtigheder eller udeladelser.<\/p>\n\n<h4 class=\"wp-block-heading\"><strong>Politik for beskyttelse af personlige oplysninger<\/strong><\/h4>\n\n<p><strong>Indsamling og brug af persondata<\/strong><br \/>De personlige data, der indsamles p\u00e5 Clairlite-uv.fr, er udelukkende beregnet til intern brug af Clairlite-uv. I overensstemmelse med politikken om ikke-videresalg af information videregives disse data ikke til tredjeparter.<\/p>\n\n<p><strong>Brugerrettigheder<\/strong><br \/>I overensstemmelse med reglerne har du ret til at f\u00e5 adgang til, rette og slette data vedr\u00f8rende dig. Disse rettigheder kan ud\u00f8ves ved at kontakte Clairlite-uv p\u00e5 den ovenfor angivne e-mailadresse.<\/p>\n\n<p><strong>Sm\u00e5kager<\/strong><br \/>Politikken vedr\u00f8rende cookies er beskrevet i Clairlite-uv.fr's generelle brugsbetingelser (GCU). Vi bruger cookies til at forbedre din brugeroplevelse uden at s\u00e6lge oplysninger.<\/p>\n\n<p><strong>Hypertekstlinks og g\u00e6ldende lovgivning<\/strong><br \/>Clairlite-uv er ikke ansvarlig for indholdet af andre websteder, der er linket til dets websted.<\/p>\n\n<p><strong>Kontakt<\/strong><br \/>Hvis du har sp\u00f8rgsm\u00e5l om disse meddelelser eller privatlivspolitikken, eller hvis du vil ud\u00f8ve dine rettigheder i forbindelse med dine personoplysninger, bedes du kontakte Clairlite-uv p\u00e5 contact@Clairlite-uv.fr.<\/p>\n\n<p>\u00a0<\/p>\n\t\t\t\t\t\t\t\t<\/div>\n\t\t\t\t\t<\/div>\n\t\t\t\t<\/div>\n\t\t\t\t<\/div>","protected":false},"excerpt":{"rendered":"<p>Mentions L\u00e9gales IdentificationNom du site web : Clairlite-uvURL du site : https:\/\/clairlite-uv.fr\/Propri\u00e9taire et responsable de la publication : Clairlite-uvH\u00e9bergement : Hostinger, \u0160vitrigailos g. 32, 03111 Vilnius, Lituanie Conditions d\u2019utilisationLa consultation de Clairlite-uv.fr est soumise au respect des conditions d\u2019utilisation d\u00e9crites dans la page des Conditions G\u00e9n\u00e9rales d\u2019Utilisation (CGU), avec lesquelles ces mentions l\u00e9gales sont coh\u00e9rentes [&hellip;]<\/p>\n","protected":false},"author":1,"featured_media":0,"parent":0,"menu_order":0,"comment_status":"closed","ping_status":"closed","template":"","meta":{"footnotes":""},"class_list":["post-9","page","type-page","status-publish","hentry"],"_hostinger_reach_plugin_has_subscription_block":false,"_hostinger_reach_plugin_is_elementor":false,"_links":{"self":[{"href":"https:\/\/clairlite-uv.fr\/da\/wp-json\/wp\/v2\/pages\/9","targetHints":{"allow":["GET"]}}],"collection":[{"href":"https:\/\/clairlite-uv.fr\/da\/wp-json\/wp\/v2\/pages"}],"about":[{"href":"https:\/\/clairlite-uv.fr\/da\/wp-json\/wp\/v2\/types\/page"}],"author":[{"embeddable":true,"href":"https:\/\/clairlite-uv.fr\/da\/wp-json\/wp\/v2\/users\/1"}],"replies":[{"embeddable":true,"href":"https:\/\/clairlite-uv.fr\/da\/wp-json\/wp\/v2\/comments?post=9"}],"version-history":[{"count":5,"href":"https:\/\/clairlite-uv.fr\/da\/wp-json\/wp\/v2\/pages\/9\/revisions"}],"predecessor-version":[{"id":147,"href":"https:\/\/clairlite-uv.fr\/da\/wp-json\/wp\/v2\/pages\/9\/revisions\/147"}],"wp:attachment":[{"href":"https:\/\/clairlite-uv.fr\/da\/wp-json\/wp\/v2\/media?parent=9"}],"curies":[{"name":"wp","href":"https:\/\/api.w.org\/{rel}","templated":true}]}}